{"id":748,"date":"2025-11-13T01:36:00","date_gmt":"2025-11-13T00:36:00","guid":{"rendered":"https:\/\/megaique.net\/?post_type=product&#038;p=748"},"modified":"2025-11-13T19:32:13","modified_gmt":"2025-11-13T18:32:13","slug":"testing-assurance-qualite-logicielle-qa-2-mois","status":"publish","type":"product","link":"https:\/\/megaique.net\/index.php\/produit\/testing-assurance-qualite-logicielle-qa-2-mois\/","title":{"rendered":"Testing &#038; Assurance Qualit\u00e9 Logicielle (QA) \u2014 2 mois"},"content":{"rendered":"<p data-start=\"8141\" data-end=\"8377\">Cette formation enseigne les tests logiciels, la r\u00e9daction de sc\u00e9narios, l\u2019automatisation des tests, les outils QA et la validation fonctionnelle.<br data-start=\"8287\" data-end=\"8290\" \/>Les \u00e9tudiants apprennent \u00e0 travailler en \u00e9quipe Agile avec Jira, GitLab CI et Selenium.<\/p>\n<p data-start=\"8379\" data-end=\"8396\"><strong data-start=\"8379\" data-end=\"8394\">D\u00e9bouch\u00e9s :<\/strong><\/p>\n<ul data-start=\"8397\" data-end=\"8478\">\n<li data-start=\"8397\" data-end=\"8417\">\n<p data-start=\"8399\" data-end=\"8417\">Testeur logiciel<\/p>\n<\/li>\n<li data-start=\"8418\" data-end=\"8432\">\n<p data-start=\"8420\" data-end=\"8432\">QA analyst<\/p>\n<\/li>\n<li data-start=\"8433\" data-end=\"8457\">\n<p data-start=\"8435\" data-end=\"8457\">QA automation junior<\/p>\n<\/li>\n<li data-start=\"8458\" data-end=\"8478\">\n<p data-start=\"8460\" data-end=\"8478\">Support applicatif<\/p>\n<\/li>\n<\/ul>\n<p data-start=\"8480\" data-end=\"8494\">Dur\u00e9e : 2 mois<\/p>\n","protected":false},"excerpt":{"rendered":"<p data-start=\"8528\" data-end=\"8606\">Formation au testing logiciel manuel et automatis\u00e9 avec Selenium et outils QA.<\/p>\n","protected":false},"featured_media":750,"comment_status":"open","ping_status":"closed","template":"","meta":[],"product_brand":[],"product_cat":[39],"product_tag":[],"class_list":{"0":"post-748","1":"product","2":"type-product","3":"status-publish","4":"has-post-thumbnail","6":"product_cat-formations","8":"first","9":"instock","10":"virtual","11":"purchasable","12":"product-type-simple"},"jetpack_sharing_enabled":true,"_links":{"self":[{"href":"https:\/\/megaique.net\/index.php\/wp-json\/wp\/v2\/product\/748","targetHints":{"allow":["GET"]}}],"collection":[{"href":"https:\/\/megaique.net\/index.php\/wp-json\/wp\/v2\/product"}],"about":[{"href":"https:\/\/megaique.net\/index.php\/wp-json\/wp\/v2\/types\/product"}],"replies":[{"embeddable":true,"href":"https:\/\/megaique.net\/index.php\/wp-json\/wp\/v2\/comments?post=748"}],"wp:featuredmedia":[{"embeddable":true,"href":"https:\/\/megaique.net\/index.php\/wp-json\/wp\/v2\/media\/750"}],"wp:attachment":[{"href":"https:\/\/megaique.net\/index.php\/wp-json\/wp\/v2\/media?parent=748"}],"wp:term":[{"taxonomy":"product_brand","embeddable":true,"href":"https:\/\/megaique.net\/index.php\/wp-json\/wp\/v2\/product_brand?post=748"},{"taxonomy":"product_cat","embeddable":true,"href":"https:\/\/megaique.net\/index.php\/wp-json\/wp\/v2\/product_cat?post=748"},{"taxonomy":"product_tag","embeddable":true,"href":"https:\/\/megaique.net\/index.php\/wp-json\/wp\/v2\/product_tag?post=748"}],"curies":[{"name":"wp","href":"https:\/\/api.w.org\/{rel}","templated":true}]}}