{"id":668,"date":"2025-11-12T23:27:37","date_gmt":"2025-11-12T22:27:37","guid":{"rendered":"https:\/\/megaique.net\/?post_type=product&#038;p=668"},"modified":"2025-11-13T01:07:57","modified_gmt":"2025-11-13T00:07:57","slug":"formation-devops-iot-developer-6-mois","status":"publish","type":"product","link":"https:\/\/megaique.net\/index.php\/produit\/formation-devops-iot-developer-6-mois\/","title":{"rendered":"Formation DevOps \/ IoT Developer (6 mois)"},"content":{"rendered":"<p data-start=\"617\" data-end=\"1256\">La formation DevOps \/ IoT Developer propose un cursus complet ax\u00e9 sur les technologies d\u2019automatisation, la conteneurisation, le Cloud Computing et la programmation d\u2019objets connect\u00e9s.<br data-start=\"801\" data-end=\"804\" \/>Pendant six mois, les apprenants sont encadr\u00e9s par une \u00e9quipe d\u2019ing\u00e9nieurs et de formateurs exp\u00e9riment\u00e9s provenant du Cameroun et d\u2019Allemagne.<br data-start=\"946\" data-end=\"949\" \/>Le programme couvre les bases de l\u2019ing\u00e9nierie logicielle, les outils DevOps (Docker, GitLab CI\/CD, Kubernetes), le d\u00e9veloppement embarqu\u00e9, les bases de donn\u00e9es, la robotique et l\u2019int\u00e9gration de capteurs.<br data-start=\"1152\" data-end=\"1155\" \/>Cette formation pr\u00e9pare les participants \u00e0 occuper des postes techniques recherch\u00e9s dans l\u2019industrie.<\/p>\n<p data-start=\"1258\" data-end=\"1286\">D\u00e9bouch\u00e9s professionnels :<\/p>\n<ul data-start=\"1287\" data-end=\"1514\">\n<li data-start=\"1287\" data-end=\"1309\">\n<p data-start=\"1289\" data-end=\"1309\">D\u00e9veloppeur DevOps<\/p>\n<\/li>\n<li data-start=\"1310\" data-end=\"1334\">\n<p data-start=\"1312\" data-end=\"1334\">Cloud Engineer \/ SRE<\/p>\n<\/li>\n<li data-start=\"1335\" data-end=\"1375\">\n<p data-start=\"1337\" data-end=\"1375\">D\u00e9veloppeur IoT (syst\u00e8mes embarqu\u00e9s)<\/p>\n<\/li>\n<li data-start=\"1376\" data-end=\"1413\">\n<p data-start=\"1378\" data-end=\"1413\">Administrateur syst\u00e8mes &amp; r\u00e9seaux<\/p>\n<\/li>\n<li data-start=\"1414\" data-end=\"1459\">\n<p data-start=\"1416\" data-end=\"1459\">Technicien en robotique et automatisation<\/p>\n<\/li>\n<li data-start=\"1460\" data-end=\"1514\">\n<p data-start=\"1462\" data-end=\"1514\">Assistant ing\u00e9nieur dans des \u00e9quipes internationales<\/p>\n<\/li>\n<\/ul>\n<p data-start=\"1516\" data-end=\"1717\">La formation dure six mois et une rentr\u00e9e est disponible chaque d\u00e9but de mois. Le paiement est possible en esp\u00e8ces ou par virement bancaire. Une facture est envoy\u00e9e automatiquement apr\u00e8s l\u2019inscription.<\/p>\n","protected":false},"excerpt":{"rendered":"<p data-start=\"2387\" data-end=\"2607\">Formation intensive de six mois en DevOps et Internet des Objets, destin\u00e9e \u00e0 pr\u00e9parer des d\u00e9veloppeurs capables d\u2019automatiser, d\u00e9ployer et superviser des infrastructures modernes. Rentr\u00e9e disponible chaque d\u00e9but de mois.<\/p>\n","protected":false},"featured_media":733,"comment_status":"open","ping_status":"closed","template":"","meta":[],"product_brand":[],"product_cat":[49],"product_tag":[],"class_list":{"0":"post-668","1":"product","2":"type-product","3":"status-publish","4":"has-post-thumbnail","6":"product_cat-formation-devops-iot","8":"first","9":"instock","10":"virtual","11":"purchasable","12":"product-type-simple"},"jetpack_sharing_enabled":true,"_links":{"self":[{"href":"https:\/\/megaique.net\/index.php\/wp-json\/wp\/v2\/product\/668","targetHints":{"allow":["GET"]}}],"collection":[{"href":"https:\/\/megaique.net\/index.php\/wp-json\/wp\/v2\/product"}],"about":[{"href":"https:\/\/megaique.net\/index.php\/wp-json\/wp\/v2\/types\/product"}],"replies":[{"embeddable":true,"href":"https:\/\/megaique.net\/index.php\/wp-json\/wp\/v2\/comments?post=668"}],"wp:featuredmedia":[{"embeddable":true,"href":"https:\/\/megaique.net\/index.php\/wp-json\/wp\/v2\/media\/733"}],"wp:attachment":[{"href":"https:\/\/megaique.net\/index.php\/wp-json\/wp\/v2\/media?parent=668"}],"wp:term":[{"taxonomy":"product_brand","embeddable":true,"href":"https:\/\/megaique.net\/index.php\/wp-json\/wp\/v2\/product_brand?post=668"},{"taxonomy":"product_cat","embeddable":true,"href":"https:\/\/megaique.net\/index.php\/wp-json\/wp\/v2\/product_cat?post=668"},{"taxonomy":"product_tag","embeddable":true,"href":"https:\/\/megaique.net\/index.php\/wp-json\/wp\/v2\/product_tag?post=668"}],"curies":[{"name":"wp","href":"https:\/\/api.w.org\/{rel}","templated":true}]}}