{"id":86,"date":"2022-10-02T18:54:29","date_gmt":"2022-10-02T16:54:29","guid":{"rendered":"https:\/\/megaique.net\/?page_id=86"},"modified":"2025-12-26T15:54:53","modified_gmt":"2025-12-26T14:54:53","slug":"nos-solutions","status":"publish","type":"page","link":"https:\/\/megaique.net\/index.php\/nos-solutions\/","title":{"rendered":"Nos solutions"},"content":{"rendered":"\n<div class=\"wp-block-group miq-solutions\"><div class=\"wp-block-group__inner-container is-layout-flow wp-block-group-is-layout-flow\">\n<h1 class=\"wp-block-heading\">Nos solutions<\/h1>\n\n\n\n<p>Nous concevons des solutions technologiques compl\u00e8tes pour r\u00e9pondre aux besoins des entreprises et organisations : <strong>logiciels<\/strong>, <strong>infrastructure<\/strong>, <strong>IoT<\/strong>, <strong>ERP<\/strong>, <strong>e-commerce<\/strong> et <strong>formation<\/strong>. Notre approche privil\u00e9gie la qualit\u00e9, la performance et la maintenabilit\u00e9.<\/p>\n\n\n\n<hr class=\"wp-block-separator has-alpha-channel-opacity\"\/>\n\n\n\n<div class=\"wp-block-columns miq-solutions-grid is-layout-flex wp-container-core-columns-is-layout-9d6595d7 wp-block-columns-is-layout-flex\">\n  <!-- 1) IoT -->\n  \n\n<div class=\"wp-block-column is-layout-flow wp-block-column-is-layout-flow\">\n    \n\n<div class=\"wp-block-group miq-card\"><div class=\"wp-block-group__inner-container is-layout-flow wp-block-group-is-layout-flow\">\n      <h3>IoT &amp; syst\u00e8mes connect\u00e9s<\/h3>\n      <p>Solutions num\u00e9riques et connect\u00e9es pour la s\u00e9curit\u00e9, la supervision et l\u2019optimisation.<\/p>\n      <ul>\n        <li>Smart locks &amp; contr\u00f4le d\u2019acc\u00e8s<\/li>\n        <li>Cam\u00e9ras IP (Wi-Fi, PTZ, solaires)<\/li>\n        <li>GPS trackers 4G<\/li>\n        <li>Capteurs (fum\u00e9e, vibration, temp\u00e9rature)<\/li>\n        <li>Gateways &amp; routeurs IoT<\/li>\n        <li>Dashboards &amp; plateformes de suivi<\/li>\n      <\/ul>\n      <p style=\"margin-top:10px; opacity:.9;\">Adapt\u00e9 aux entreprises, commerces, domiciles et industries.<\/p>\n    <\/div><\/div>\n\n  <\/div>\n\n  <!-- 2) Odoo -->\n  \n\n<div class=\"wp-block-column is-layout-flow wp-block-column-is-layout-flow\">\n    \n\n<div class=\"wp-block-group miq-card\"><div class=\"wp-block-group__inner-container is-layout-flow wp-block-group-is-layout-flow\">\n      <h3>ERP Odoo (cl\u00e9 en main)<\/h3>\n      <p>D\u00e9ploiement, automatisation et int\u00e9grations pour digitaliser vos op\u00e9rations.<\/p>\n      <ul>\n        <li>Installation Odoo Community &amp; h\u00e9bergement d\u00e9di\u00e9<\/li>\n        <li>Param\u00e9trage, flux m\u00e9tier &amp; automatisation<\/li>\n        <li>Modules personnalis\u00e9s<\/li>\n        <li>Int\u00e9grations API &amp; synchronisations<\/li>\n        <li>Connecteur WooCommerce \u2194 Odoo<\/li>\n        <li>Vision (webcam + OCR) &amp; recherche assist\u00e9e<\/li>\n        <li>Formation utilisateurs &amp; support<\/li>\n      <\/ul>\n    <\/div><\/div>\n\n  <\/div>\n\n<\/div>\n\n\n\n<div class=\"wp-block-columns miq-solutions-grid is-layout-flex wp-container-core-columns-is-layout-9d6595d7 wp-block-columns-is-layout-flex\">\n  <!-- 3) Web \/ E-commerce -->\n  \n\n<div class=\"wp-block-column is-layout-flow wp-block-column-is-layout-flow\">\n    \n\n<div class=\"wp-block-group miq-card\"><div class=\"wp-block-group__inner-container is-layout-flow wp-block-group-is-layout-flow\">\n      <h3>Web &amp; e-commerce<\/h3>\n      <p>Sites modernes, rapides et orient\u00e9s conversion, int\u00e9gr\u00e9s \u00e0 vos outils m\u00e9tier.<\/p>\n      <ul>\n        <li>Sites d\u2019entreprise &amp; institutionnels<\/li>\n        <li>E-commerce WooCommerce<\/li>\n        <li>Landing pages campagnes<\/li>\n        <li>Int\u00e9gration CRM \/ ERP<\/li>\n        <li>SEO (optimisations techniques &amp; contenu)<\/li>\n      <\/ul>\n    <\/div><\/div>\n\n  <\/div>\n\n  <!-- 4) Logiciels -->\n  \n\n<div class=\"wp-block-column is-layout-flow wp-block-column-is-layout-flow\">\n    \n\n<div class=\"wp-block-group miq-card\"><div class=\"wp-block-group__inner-container is-layout-flow wp-block-group-is-layout-flow\">\n      <h3>Logiciels &amp; applications sur mesure<\/h3>\n      <p>D\u00e9veloppement adapt\u00e9 \u00e0 votre contexte, avec une architecture scalable.<\/p>\n      <ul>\n        <li>Applications m\u00e9tier &amp; portails de gestion<\/li>\n        <li>Tableaux de bord &amp; reporting<\/li>\n        <li>APIs REST &amp; microservices<\/li>\n        <li>Solutions cloud &amp; multi-tenant<\/li>\n        <li>Gestion documentaire &amp; automatisations<\/li>\n      <\/ul>\n    <\/div><\/div>\n\n  <\/div>\n\n<\/div>\n\n\n\n<div class=\"wp-block-columns miq-solutions-grid is-layout-flex wp-container-core-columns-is-layout-9d6595d7 wp-block-columns-is-layout-flex\">\n  <!-- 5) DevOps -->\n  \n\n<div class=\"wp-block-column is-layout-flow wp-block-column-is-layout-flow\">\n    \n\n<div class=\"wp-block-group miq-card\"><div class=\"wp-block-group__inner-container is-layout-flow wp-block-group-is-layout-flow\">\n      <h3>DevOps &amp; cloud<\/h3>\n      <p>Infrastructures automatis\u00e9es, s\u00e9curis\u00e9es et observables pour vos applications.<\/p>\n      <ul>\n        <li>D\u00e9ploiements Docker<\/li>\n        <li>Clusters Swarm \/ Kubernetes<\/li>\n        <li>Pipelines CI\/CD<\/li>\n        <li>Reverse proxy multi-domaine<\/li>\n        <li>Serveurs mail pro (Mailcow)<\/li>\n        <li>S\u00e9curisation &amp; supervision<\/li>\n      <\/ul>\n    <\/div><\/div>\n\n  <\/div>\n\n  <!-- 6) Formation \/ Recrutement -->\n  \n\n<div class=\"wp-block-column is-layout-flow wp-block-column-is-layout-flow\">\n    \n\n<div class=\"wp-block-group miq-card\"><div class=\"wp-block-group__inner-container is-layout-flow wp-block-group-is-layout-flow\">\n      <h3>Formation &amp; recrutement<\/h3>\n      <p>D\u00e9veloppement des comp\u00e9tences, puis s\u00e9lection des meilleurs profils pour vos besoins.<\/p>\n      <ul>\n        <li>Formations professionnelles &amp; cours du soir<\/li>\n        <li>Stages de vacances (3 vagues \/ 6 semaines)<\/li>\n        <li>Approche \u201cdual\u201d : formation + entreprise<\/li>\n        <li>Placement et recrutement de profils qualifi\u00e9s<\/li>\n      <\/ul>\n    <\/div><\/div>\n\n  <\/div>\n\n<\/div>\n\n\n\n<hr class=\"wp-block-separator has-alpha-channel-opacity\"\/>\n\n\n\n<div class=\"wp-block-group miq-solution-cta\"><div class=\"wp-block-group__inner-container is-layout-flow wp-block-group-is-layout-flow\">\n<h3 class=\"wp-block-heading\">Transformons vos id\u00e9es en r\u00e9sultats concrets.<\/h3>\n\n\n\n<p>Parlez-nous de votre besoin : nous vous proposerons une approche claire, un planning r\u00e9aliste et une mise en \u0153uvre ma\u00eetris\u00e9e.<\/p>\n\n\n\n<div class=\"wp-block-buttons is-layout-flex wp-block-buttons-is-layout-flex\">\n<div class=\"wp-block-button is-style-fill\"><a class=\"wp-block-button__link wp-element-button\" href=\"https:\/\/megaique.net\/index.php\/contact\/\">Nous contacter<\/a><\/div>\n\n\n\n<div class=\"wp-block-button is-style-outline is-style-outline--1\"><a class=\"wp-block-button__link wp-element-button\" href=\"https:\/\/megaique.net\/index.php\/notre-expertise\/\">Voir notre expertise<\/a><\/div>\n<\/div>\n<\/div><\/div>\n<\/div><\/div>\n","protected":false},"excerpt":{"rendered":"<p>Nos solutions Nous concevons des solutions technologiques compl\u00e8tes pour r\u00e9pondre aux besoins des entreprises et organisations : logiciels, infrastructure, IoT, ERP, e-commerce et formation. Notre approche privil\u00e9gie la qualit\u00e9, la performance et la maintenabilit\u00e9. IoT &amp; syst\u00e8mes connect\u00e9s Solutions num\u00e9riques et connect\u00e9es pour la s\u00e9curit\u00e9, la supervision et l\u2019optimisation. Smart locks &amp; contr\u00f4le d\u2019acc\u00e8s Cam\u00e9ras [&hellip;]<\/p>\n","protected":false},"author":1,"featured_media":0,"parent":0,"menu_order":0,"comment_status":"closed","ping_status":"closed","template":"","meta":{"footnotes":""},"class_list":["post-86","page","type-page","status-publish","hentry"],"jetpack_sharing_enabled":true,"_links":{"self":[{"href":"https:\/\/megaique.net\/index.php\/wp-json\/wp\/v2\/pages\/86","targetHints":{"allow":["GET"]}}],"collection":[{"href":"https:\/\/megaique.net\/index.php\/wp-json\/wp\/v2\/pages"}],"about":[{"href":"https:\/\/megaique.net\/index.php\/wp-json\/wp\/v2\/types\/page"}],"author":[{"embeddable":true,"href":"https:\/\/megaique.net\/index.php\/wp-json\/wp\/v2\/users\/1"}],"replies":[{"embeddable":true,"href":"https:\/\/megaique.net\/index.php\/wp-json\/wp\/v2\/comments?post=86"}],"version-history":[{"count":7,"href":"https:\/\/megaique.net\/index.php\/wp-json\/wp\/v2\/pages\/86\/revisions"}],"predecessor-version":[{"id":839,"href":"https:\/\/megaique.net\/index.php\/wp-json\/wp\/v2\/pages\/86\/revisions\/839"}],"wp:attachment":[{"href":"https:\/\/megaique.net\/index.php\/wp-json\/wp\/v2\/media?parent=86"}],"curies":[{"name":"wp","href":"https:\/\/api.w.org\/{rel}","templated":true}]}}