{"id":73,"date":"2022-10-02T18:14:42","date_gmt":"2022-10-02T16:14:42","guid":{"rendered":"https:\/\/megaique.net\/?page_id=73"},"modified":"2025-12-26T14:27:34","modified_gmt":"2025-12-26T13:27:34","slug":"notre-expertise","status":"publish","type":"page","link":"https:\/\/megaique.net\/index.php\/notre-expertise\/","title":{"rendered":"Notre expertise"},"content":{"rendered":"\n<div class=\"wp-block-group miq-expertise\"><div class=\"wp-block-group__inner-container is-layout-flow wp-block-group-is-layout-flow\">\n\n\n<h2 class=\"wp-block-heading\">Notre expertise<\/h2>\n\n\n\n<p>\nMega-Ique Digital con\u00e7oit et d\u00e9ploie des <strong>solutions IT, Odoo et IoT intelligentes<\/strong>\npour accompagner les entreprises en Allemagne et au Cameroun dans leur transformation num\u00e9rique.\n<\/p>\n\n\n\n<div class=\"wp-block-columns miq-expertise-grid is-layout-flex wp-container-core-columns-is-layout-9d6595d7 wp-block-columns-is-layout-flex\">\n\n<!-- IT CONSULTING -->\n\n<div class=\"wp-block-column is-layout-flow wp-block-column-is-layout-flow\">\n  \n  <div class=\"wp-block-group miq-card\"><div class=\"wp-block-group__inner-container is-layout-flow wp-block-group-is-layout-flow\">\n    <h3>IT Consulting &amp; Software Engineering<\/h3>\n    <p>Conseil, architecture et d\u00e9veloppement de solutions logicielles performantes.<\/p>\n    <ul>\n      <li>Applications Web &amp; mobiles<\/li>\n      <li>APIs &amp; microservices<\/li>\n      <li>Solutions cloud-native<\/li>\n    <\/ul>\n  <\/div><\/div>\n  \n<\/div>\n\n\n<!-- OFFSHORING -->\n\n<div class=\"wp-block-column is-layout-flow wp-block-column-is-layout-flow\">\n  \n  <div class=\"wp-block-group miq-card\"><div class=\"wp-block-group__inner-container is-layout-flow wp-block-group-is-layout-flow\">\n    <h3>Offshoring \u2013 Experts IT<\/h3>\n    <p>Ing\u00e9nieurs et d\u00e9veloppeurs qualifi\u00e9s int\u00e9gr\u00e9s \u00e0 vos \u00e9quipes \u00e0 distance.<\/p>\n    <ul>\n      <li>Renfort d\u2019\u00e9quipe<\/li>\n      <li>D\u00e9veloppement externalis\u00e9<\/li>\n      <li>Coordination Europe \u2194 Afrique<\/li>\n    <\/ul>\n  <\/div><\/div>\n  \n<\/div>\n\n\n<\/div>\n\n\n\n<div class=\"wp-block-columns miq-expertise-grid is-layout-flex wp-container-core-columns-is-layout-9d6595d7 wp-block-columns-is-layout-flex\">\n\n<!-- ODOO -->\n\n<div class=\"wp-block-column is-layout-flow wp-block-column-is-layout-flow\">\n  \n  <div class=\"wp-block-group miq-card\"><div class=\"wp-block-group__inner-container is-layout-flow wp-block-group-is-layout-flow\">\n    <h3>Expertise Odoo &amp; ERP<\/h3>\n    <p>Digitalisation des processus m\u00e9tier avec Odoo.<\/p>\n    <ul>\n      <li>Int\u00e9gration &amp; param\u00e9trage<\/li>\n      <li>Modules personnalis\u00e9s<\/li>\n      <li>Connecteurs WooCommerce<\/li>\n    <\/ul>\n  <\/div><\/div>\n  \n<\/div>\n\n\n<!-- IOT -->\n\n<div class=\"wp-block-column is-layout-flow wp-block-column-is-layout-flow\">\n  \n  <div class=\"wp-block-group miq-card\"><div class=\"wp-block-group__inner-container is-layout-flow wp-block-group-is-layout-flow\">\n    <h3>IoT, Domotique &amp; S\u00e9curit\u00e9<\/h3>\n    <p>Solutions connect\u00e9es pour la supervision et la s\u00e9curit\u00e9.<\/p>\n    <ul>\n      <li>Cam\u00e9ras &amp; smart locks<\/li>\n      <li>GPS &amp; capteurs intelligents<\/li>\n      <li>Dashboards temps r\u00e9el<\/li>\n    <\/ul>\n  <\/div><\/div>\n  \n<\/div>\n\n\n<\/div>\n\n\n\n<div class=\"wp-block-columns miq-expertise-grid is-layout-flex wp-container-core-columns-is-layout-9d6595d7 wp-block-columns-is-layout-flex\">\n\n<!-- FORMATIONS -->\n\n<div class=\"wp-block-column is-layout-flow wp-block-column-is-layout-flow\">\n  \n  <div class=\"wp-block-group miq-card\"><div class=\"wp-block-group__inner-container is-layout-flow wp-block-group-is-layout-flow\">\n    <h3>Formations &amp; Certifications IT<\/h3>\n    <p>Formations pratiques orient\u00e9es projets et march\u00e9.<\/p>\n    <ul>\n      <li>DevOps, Cloud &amp; Kubernetes<\/li>\n      <li>IoT &amp; syst\u00e8mes embarqu\u00e9s<\/li>\n      <li>Odoo &amp; d\u00e9veloppement logiciel<\/li>\n    <\/ul>\n  <\/div><\/div>\n  \n<\/div>\n\n\n<\/div>\n\n\n\n<blockquote class=\"wp-block-quote is-layout-flow wp-block-quote-is-layout-flow\">\n<p><strong>Mega-Ique Digital<\/strong> \u2014 Des solutions num\u00e9riques et connect\u00e9es pour votre performance.<\/p>\n<\/blockquote>\n\n\n<\/div><\/div>\n\n","protected":false},"excerpt":{"rendered":"<p>Notre expertise Mega-Ique Digital con\u00e7oit et d\u00e9ploie des solutions IT, Odoo et IoT intelligentes pour accompagner les entreprises en Allemagne et au Cameroun dans leur transformation num\u00e9rique. IT Consulting &amp; Software Engineering Conseil, architecture et d\u00e9veloppement de solutions logicielles performantes. Applications Web &amp; mobiles APIs &amp; microservices Solutions cloud-native Offshoring \u2013 Experts IT Ing\u00e9nieurs et [&hellip;]<\/p>\n","protected":false},"author":1,"featured_media":0,"parent":0,"menu_order":0,"comment_status":"closed","ping_status":"closed","template":"","meta":{"footnotes":""},"class_list":["post-73","page","type-page","status-publish","hentry"],"jetpack_sharing_enabled":true,"_links":{"self":[{"href":"https:\/\/megaique.net\/index.php\/wp-json\/wp\/v2\/pages\/73","targetHints":{"allow":["GET"]}}],"collection":[{"href":"https:\/\/megaique.net\/index.php\/wp-json\/wp\/v2\/pages"}],"about":[{"href":"https:\/\/megaique.net\/index.php\/wp-json\/wp\/v2\/types\/page"}],"author":[{"embeddable":true,"href":"https:\/\/megaique.net\/index.php\/wp-json\/wp\/v2\/users\/1"}],"replies":[{"embeddable":true,"href":"https:\/\/megaique.net\/index.php\/wp-json\/wp\/v2\/comments?post=73"}],"version-history":[{"count":7,"href":"https:\/\/megaique.net\/index.php\/wp-json\/wp\/v2\/pages\/73\/revisions"}],"predecessor-version":[{"id":804,"href":"https:\/\/megaique.net\/index.php\/wp-json\/wp\/v2\/pages\/73\/revisions\/804"}],"wp:attachment":[{"href":"https:\/\/megaique.net\/index.php\/wp-json\/wp\/v2\/media?parent=73"}],"curies":[{"name":"wp","href":"https:\/\/api.w.org\/{rel}","templated":true}]}}