{"id":69,"date":"2022-10-02T18:05:41","date_gmt":"2022-10-02T16:05:41","guid":{"rendered":"https:\/\/megaique.net\/?page_id=69"},"modified":"2025-12-28T18:28:50","modified_gmt":"2025-12-28T17:28:50","slug":"a-propos-de-mous","status":"publish","type":"page","link":"https:\/\/megaique.net\/index.php\/a-propos-de-mous\/","title":{"rendered":"A propos de nous"},"content":{"rendered":"\n<div class=\"wp-block-group miq-about\"><div class=\"wp-block-group__inner-container is-layout-flow wp-block-group-is-layout-flow\">\n\n<!-- TITRE -->\n\n<h1 class=\"wp-block-heading\">\u00c0 propos de Mega-Ique Digital<\/h1>\n\n\n<!-- INTRO -->\n\n<p><strong>Mega-Ique Digital<\/strong> est une soci\u00e9t\u00e9 technologique op\u00e9rant en <strong>Allemagne<\/strong> et au <strong>Cameroun<\/strong>, d\u00e9di\u00e9e \u00e0 accompagner les entreprises dans leur transformation num\u00e9rique et \u00e0 r\u00e9pondre \u00e0 la demande croissante d\u2019expertise IT moderne.<\/p>\n\n\n<!-- LEAD MISSION -->\n\n<p>Notre mission est de fournir des solutions IT robustes tout en favorisant la mont\u00e9e en comp\u00e9tences de d\u00e9veloppeurs et ing\u00e9nieurs gr\u00e2ce \u00e0 des programmes de formation sp\u00e9cialis\u00e9s.<\/p>\n\n\n<!-- S\u00c9PARATEUR -->\n\n<hr class=\"wp-block-separator has-alpha-channel-opacity\"\/>\n\n\n<!-- APPROCHE -->\n\n<div class=\"wp-block-columns miq-about-grid is-layout-flex wp-container-core-columns-is-layout-9d6595d7 wp-block-columns-is-layout-flex\">\n\n  \n  <div class=\"wp-block-column is-layout-flow wp-block-column-is-layout-flow\">\n    \n    <div class=\"wp-block-group miq-card\"><div class=\"wp-block-group__inner-container is-layout-flow wp-block-group-is-layout-flow\">\n      <h3>Vision &amp; Technologie<\/h3>\n      <p>Nous aidons les entreprises \u00e0 tirer parti des technologies modernes (cloud, conteneurs, agile, microservices) pour rester comp\u00e9titives.<\/p>\n    <\/div><\/div>\n    \n  <\/div>\n  \n\n  \n  <div class=\"wp-block-column is-layout-flow wp-block-column-is-layout-flow\">\n    \n    <div class=\"wp-block-group miq-card\"><div class=\"wp-block-group__inner-container is-layout-flow wp-block-group-is-layout-flow\">\n      <h3>Offshoring &amp; Outsourcing<\/h3>\n      <p>Nous fournissons des talents IT qualifi\u00e9s (offshoring) et d\u00e9veloppons des solutions logicielles sur mesure (outsourcing) pour les besoins de vos projets.<\/p>\n    <\/div><\/div>\n    \n  <\/div>\n  \n\n  \n  <div class=\"wp-block-column is-layout-flow wp-block-column-is-layout-flow\">\n    \n    <div class=\"wp-block-group miq-card\"><div class=\"wp-block-group__inner-container is-layout-flow wp-block-group-is-layout-flow\">\n      <h3>Formation &amp; Upskilling<\/h3>\n      <p>Nous formons et mettons \u00e0 jour les comp\u00e9tences en DevOps, IoT, cloud et d\u00e9veloppement avec des programmes ax\u00e9s pratique et performance.<\/p>\n    <\/div><\/div>\n    \n  <\/div>\n  \n\n<\/div>\n\n\n<!-- S\u00c9PARATEUR -->\n\n<hr class=\"wp-block-separator has-alpha-channel-opacity\"\/>\n\n\n<!-- LE LIEN AVEC CORPORATION -->\n\n<h2 class=\"wp-block-heading\">Mega-Ique Corporation : un socle historique<\/h2>\n\n\n\n<p>\u00c0 l\u2019origine, <strong>Mega-Ique Corporation<\/strong> (1995) a pos\u00e9 les bases d\u2019une culture forte en informatique, bureautique, t\u00e9l\u00e9matique et \u00e9lectronique. C\u2019est ce socle qui a permis la cr\u00e9ation de <strong>Mega-Ique Digital<\/strong>, enrichissant notre expertise et notre capacit\u00e9 \u00e0 r\u00e9pondre \u00e0 vos d\u00e9fis technologique.<\/p>\n\n\n\n<div class=\"wp-block-columns miq-about-grid is-layout-flex wp-container-core-columns-is-layout-9d6595d7 wp-block-columns-is-layout-flex\">\n\n  \n  <div class=\"wp-block-column is-layout-flow wp-block-column-is-layout-flow\">\n    \n    <div class=\"wp-block-group miq-card\"><div class=\"wp-block-group__inner-container is-layout-flow wp-block-group-is-layout-flow\">\n      <h3>En quelques chiffres<\/h3>\n      <ul>\n        <li><strong>27 ans<\/strong> d\u2019expertise en formation professionnelle<\/li>\n        <li><strong>14 ans<\/strong> d\u2019enseignement sup\u00e9rieur<\/li>\n        <li><strong>10 000+<\/strong> apprenants form\u00e9s<\/li>\n      <\/ul>\n    <\/div><\/div>\n    \n  <\/div>\n  \n\n  \n  <div class=\"wp-block-column is-layout-flow wp-block-column-is-layout-flow\">\n    \n    <div class=\"wp-block-group miq-card\"><div class=\"wp-block-group__inner-container is-layout-flow wp-block-group-is-layout-flow\">\n      <h3>Ce que cela signifie pour vous<\/h3>\n      <p>Ce long h\u00e9ritage de formation garantit une qualit\u00e9 d\u2019ex\u00e9cution sup\u00e9rieure et une capacit\u00e9 \u00e0 constituer des \u00e9quipes sp\u00e9cialis\u00e9es pour vos projets IT.<\/p>\n    <\/div><\/div>\n    \n  <\/div>\n  \n\n<\/div>\n\n\n<!-- S\u00c9PARATEUR -->\n\n<hr class=\"wp-block-separator has-alpha-channel-opacity\"\/>\n\n\n<!-- NOS VALEURS -->\n\n<h2 class=\"wp-block-heading\">Nos valeurs<\/h2>\n\n\n\n<div class=\"wp-block-columns miq-about-grid is-layout-flex wp-container-core-columns-is-layout-9d6595d7 wp-block-columns-is-layout-flex\">\n\n  <!-- excellence -->\n  <div class=\"wp-block-column\">\n    \n    <div class=\"wp-block-group miq-card\"><div class=\"wp-block-group__inner-container is-layout-flow wp-block-group-is-layout-flow\">\n      <h3>Excellence<\/h3>\n      <p>Standards \u00e9lev\u00e9s, qualit\u00e9 des livrables et fiabilit\u00e9 des solutions.<\/p>\n    <\/div><\/div>\n    \n  <\/div>\n\n  <!-- int\u00e9grit\u00e9 -->\n  <div class=\"wp-block-column\">\n    \n    <div class=\"wp-block-group miq-card\"><div class=\"wp-block-group__inner-container is-layout-flow wp-block-group-is-layout-flow\">\n      <h3>Int\u00e9grit\u00e9<\/h3>\n      <p>Transparence, loyaut\u00e9 et respect des engagements.<\/p>\n    <\/div><\/div>\n    \n  <\/div>\n\n  <!-- innovation -->\n  <div class=\"wp-block-column\">\n    \n    <div class=\"wp-block-group miq-card\"><div class=\"wp-block-group__inner-container is-layout-flow wp-block-group-is-layout-flow\">\n      <h3>Innovation<\/h3>\n      <p>Innover avec sens pour cr\u00e9er de la valeur r\u00e9elle \u00e0 nos clients.<\/p>\n    <\/div><\/div>\n    \n  <\/div>\n\n<\/div>\n\n\n<!-- MOT DE FIN -->\n\n<blockquote class=\"wp-block-quote is-layout-flow wp-block-quote-is-layout-flow\">\n<p><strong>Mega-Ique Digital<\/strong> \u2014 Des solutions num\u00e9riques, des talents IT et un h\u00e9ritage de formation pour votre performance.<\/p>\n<\/blockquote>\n\n\n<\/div><\/div>\n","protected":false},"excerpt":{"rendered":"<p>\u00c0 propos de Mega-Ique Digital Mega-Ique Digital est une soci\u00e9t\u00e9 technologique op\u00e9rant en Allemagne et au Cameroun, d\u00e9di\u00e9e \u00e0 accompagner les entreprises dans leur transformation num\u00e9rique et \u00e0 r\u00e9pondre \u00e0 la demande croissante d\u2019expertise IT moderne. Notre mission est de fournir des solutions IT robustes tout en favorisant la mont\u00e9e en comp\u00e9tences de d\u00e9veloppeurs et [&hellip;]<\/p>\n","protected":false},"author":1,"featured_media":0,"parent":0,"menu_order":0,"comment_status":"closed","ping_status":"closed","template":"","meta":{"footnotes":""},"class_list":["post-69","page","type-page","status-publish","hentry"],"jetpack_sharing_enabled":true,"_links":{"self":[{"href":"https:\/\/megaique.net\/index.php\/wp-json\/wp\/v2\/pages\/69","targetHints":{"allow":["GET"]}}],"collection":[{"href":"https:\/\/megaique.net\/index.php\/wp-json\/wp\/v2\/pages"}],"about":[{"href":"https:\/\/megaique.net\/index.php\/wp-json\/wp\/v2\/types\/page"}],"author":[{"embeddable":true,"href":"https:\/\/megaique.net\/index.php\/wp-json\/wp\/v2\/users\/1"}],"replies":[{"embeddable":true,"href":"https:\/\/megaique.net\/index.php\/wp-json\/wp\/v2\/comments?post=69"}],"version-history":[{"count":8,"href":"https:\/\/megaique.net\/index.php\/wp-json\/wp\/v2\/pages\/69\/revisions"}],"predecessor-version":[{"id":852,"href":"https:\/\/megaique.net\/index.php\/wp-json\/wp\/v2\/pages\/69\/revisions\/852"}],"wp:attachment":[{"href":"https:\/\/megaique.net\/index.php\/wp-json\/wp\/v2\/media?parent=69"}],"curies":[{"name":"wp","href":"https:\/\/api.w.org\/{rel}","templated":true}]}}