{"id":322,"date":"2023-08-09T21:13:12","date_gmt":"2023-08-09T19:13:12","guid":{"rendered":"https:\/\/megaique.net\/?page_id=322"},"modified":"2023-11-16T09:48:50","modified_gmt":"2023-11-16T08:48:50","slug":"news","status":"publish","type":"page","link":"https:\/\/megaique.net\/index.php\/news\/","title":{"rendered":"Actualit\u00e9"},"content":{"rendered":"\n<div class=\"wp-block-cover\"><span aria-hidden=\"true\" class=\"wp-block-cover__background has-background-dim\"><\/span><div class=\"wp-block-cover__inner-container is-layout-flow wp-block-cover-is-layout-flow\">\n<div class=\"wp-block-group is-nowrap is-layout-flex wp-container-core-group-is-layout-ad2f72ca wp-block-group-is-layout-flex\">\n<div class=\"wp-block-query is-layout-flow wp-block-query-is-layout-flow\"><ul class=\"wp-block-post-template is-layout-flow wp-block-post-template-is-layout-flow\"><li class=\"wp-block-post post-599 post type-post status-publish format-standard has-post-thumbnail hentry category-formation category-formation-devops-iot category-formation-iot category-programmation\">\n\n<div class=\"wp-block-columns alignwide is-layout-flex wp-container-core-columns-is-layout-9d6595d7 wp-block-columns-is-layout-flex\">\n<div class=\"wp-block-column is-layout-flow wp-block-column-is-layout-flow\" style=\"flex-basis:66.66%\"><figure class=\"wp-block-post-featured-image\"><a href=\"https:\/\/megaique.net\/index.php\/2025\/05\/08\/stages-de-vacances-impact-social-mega-ique-digital-booste-la-jeunesse\/\" target=\"_self\"  ><img loading=\"lazy\" decoding=\"async\" width=\"1080\" height=\"1080\" src=\"https:\/\/megaique.net\/wp-content\/uploads\/2025\/05\/481260246_1112840014188695_2144697524043521951_n.jpg\" class=\"attachment-post-thumbnail size-post-thumbnail wp-post-image\" alt=\"Stages de Vacances &amp; Impact Social \u2013 Mega-Ique Digital booste la jeunesse !\" style=\"object-fit:cover;\" srcset=\"https:\/\/megaique.net\/wp-content\/uploads\/2025\/05\/481260246_1112840014188695_2144697524043521951_n.jpg 1080w, https:\/\/megaique.net\/wp-content\/uploads\/2025\/05\/481260246_1112840014188695_2144697524043521951_n-300x300.jpg 300w, https:\/\/megaique.net\/wp-content\/uploads\/2025\/05\/481260246_1112840014188695_2144697524043521951_n-100x100.jpg 100w, https:\/\/megaique.net\/wp-content\/uploads\/2025\/05\/481260246_1112840014188695_2144697524043521951_n-600x600.jpg 600w\" sizes=\"auto, (max-width: 1080px) 100vw, 1080px\" \/><\/a><\/figure><\/div>\n\n\n\n<div class=\"wp-block-column is-layout-flow wp-block-column-is-layout-flow\" style=\"flex-basis:33.33%\"><h2 class=\"wp-block-post-title\"><a href=\"https:\/\/megaique.net\/index.php\/2025\/05\/08\/stages-de-vacances-impact-social-mega-ique-digital-booste-la-jeunesse\/\" target=\"_self\" >Stages de Vacances &amp; Impact Social \u2013 Mega-Ique Digital booste la jeunesse !<\/a><\/h2>\n\n<div class=\"wp-block-post-excerpt\"><p class=\"wp-block-post-excerpt__excerpt\">Nos stages d\u00e9marrent&nbsp;dans un peu plus d\u2019une semaine&nbsp;!Chez&nbsp;Mega-Ique Digital, on allie&nbsp;apprentissage tech&nbsp;et&nbsp;engagement social concret. \ud83c\udfaf Un tremplin pour les jeunes talents Apr\u00e8s pr\u00e8s d\u2019un an de pr\u00e9paration, notre partenariat avec les lyc\u00e9es se concr\u00e9tise \u2013 en commen\u00e7ant par le\u00a0Lyc\u00e9e de la Cit\u00e9 SIC \u00e0 Douala\u00a0!\u2705\u00a0Les 3 meilleurs \u00e9l\u00e8ves de chaque classe scientifique y participeront gratuitement\u00a0\u00e0\u2026 <\/p><\/div><\/div>\n<\/div>\n\n<\/li><li class=\"wp-block-post post-594 post type-post status-publish format-standard has-post-thumbnail hentry category-editorial\">\n\n<div class=\"wp-block-columns alignwide is-layout-flex wp-container-core-columns-is-layout-9d6595d7 wp-block-columns-is-layout-flex\">\n<div class=\"wp-block-column is-layout-flow wp-block-column-is-layout-flow\" style=\"flex-basis:66.66%\"><figure class=\"wp-block-post-featured-image\"><a href=\"https:\/\/megaique.net\/index.php\/2024\/09\/08\/mega-ique-digital-propulse-mb-dans-larene-du-e-commerce\/\" target=\"_self\"  ><img loading=\"lazy\" decoding=\"async\" width=\"1080\" height=\"486\" src=\"https:\/\/megaique.net\/wp-content\/uploads\/2024\/09\/mga-mb-partnership-3-1.png\" class=\"attachment-post-thumbnail size-post-thumbnail wp-post-image\" alt=\"Mega-Ique Digital propulse MB dans l&rsquo;ar\u00e8ne du e-commerce\" style=\"object-fit:cover;\" srcset=\"https:\/\/megaique.net\/wp-content\/uploads\/2024\/09\/mga-mb-partnership-3-1.png 1080w, https:\/\/megaique.net\/wp-content\/uploads\/2024\/09\/mga-mb-partnership-3-1-600x270.png 600w\" sizes=\"auto, (max-width: 1080px) 100vw, 1080px\" \/><\/a><\/figure><\/div>\n\n\n\n<div class=\"wp-block-column is-layout-flow wp-block-column-is-layout-flow\" style=\"flex-basis:33.33%\"><h2 class=\"wp-block-post-title\"><a href=\"https:\/\/megaique.net\/index.php\/2024\/09\/08\/mega-ique-digital-propulse-mb-dans-larene-du-e-commerce\/\" target=\"_self\" >Mega-Ique Digital propulse MB dans l&rsquo;ar\u00e8ne du e-commerce<\/a><\/h2>\n\n<div class=\"wp-block-post-excerpt\"><p class=\"wp-block-post-excerpt__excerpt\">Dans un monde o\u00f9 le digital devient incontournable, Mega-Ique Digital est fier d&rsquo;annoncer son partenariat avec MB, une marque innovante d&rsquo;\u00e9quipements sportifs. Ensemble, nous avons pris l&rsquo;initiative de d\u00e9velopper une plateforme e-commerce qui refl\u00e8te la dynamique et l&rsquo;innovation de MB. Visitez la boutique de MB https:\/\/mb-equipement.com\/ <\/p><\/div><\/div>\n<\/div>\n\n<\/li><li class=\"wp-block-post post-563 post type-post status-publish format-standard has-post-thumbnail hentry category-non-classe\">\n\n<div class=\"wp-block-columns alignwide is-layout-flex wp-container-core-columns-is-layout-9d6595d7 wp-block-columns-is-layout-flex\">\n<div class=\"wp-block-column is-layout-flow wp-block-column-is-layout-flow\" style=\"flex-basis:66.66%\"><figure class=\"wp-block-post-featured-image\"><a href=\"https:\/\/megaique.net\/index.php\/2024\/01\/02\/bonne-annee-2024\/\" target=\"_self\"  ><img loading=\"lazy\" decoding=\"async\" width=\"800\" height=\"800\" src=\"https:\/\/megaique.net\/wp-content\/uploads\/2024\/01\/happy_new_year_2024.jpg\" class=\"attachment-post-thumbnail size-post-thumbnail wp-post-image\" alt=\"Bonne ann\u00e9e 2024\" style=\"object-fit:cover;\" srcset=\"https:\/\/megaique.net\/wp-content\/uploads\/2024\/01\/happy_new_year_2024.jpg 800w, https:\/\/megaique.net\/wp-content\/uploads\/2024\/01\/happy_new_year_2024-300x300.jpg 300w, https:\/\/megaique.net\/wp-content\/uploads\/2024\/01\/happy_new_year_2024-100x100.jpg 100w, https:\/\/megaique.net\/wp-content\/uploads\/2024\/01\/happy_new_year_2024-600x600.jpg 600w\" sizes=\"auto, (max-width: 800px) 100vw, 800px\" \/><\/a><\/figure><\/div>\n\n\n\n<div class=\"wp-block-column is-layout-flow wp-block-column-is-layout-flow\" style=\"flex-basis:33.33%\"><h2 class=\"wp-block-post-title\"><a href=\"https:\/\/megaique.net\/index.php\/2024\/01\/02\/bonne-annee-2024\/\" target=\"_self\" >Bonne ann\u00e9e 2024<\/a><\/h2>\n\n<div class=\"wp-block-post-excerpt\"><p class=\"wp-block-post-excerpt__excerpt\">Dormez tranquille et Mega-Ique travaille pour vous rendre Digital. <\/p><\/div><\/div>\n<\/div>\n\n<\/li><\/ul><\/div>\n<\/div>\n<\/div><\/div>\n","protected":false},"excerpt":{"rendered":"","protected":false},"author":1,"featured_media":0,"parent":0,"menu_order":0,"comment_status":"closed","ping_status":"closed","template":"","meta":{"footnotes":""},"class_list":["post-322","page","type-page","status-publish","hentry"],"jetpack_sharing_enabled":true,"_links":{"self":[{"href":"https:\/\/megaique.net\/index.php\/wp-json\/wp\/v2\/pages\/322","targetHints":{"allow":["GET"]}}],"collection":[{"href":"https:\/\/megaique.net\/index.php\/wp-json\/wp\/v2\/pages"}],"about":[{"href":"https:\/\/megaique.net\/index.php\/wp-json\/wp\/v2\/types\/page"}],"author":[{"embeddable":true,"href":"https:\/\/megaique.net\/index.php\/wp-json\/wp\/v2\/users\/1"}],"replies":[{"embeddable":true,"href":"https:\/\/megaique.net\/index.php\/wp-json\/wp\/v2\/comments?post=322"}],"version-history":[{"count":13,"href":"https:\/\/megaique.net\/index.php\/wp-json\/wp\/v2\/pages\/322\/revisions"}],"predecessor-version":[{"id":500,"href":"https:\/\/megaique.net\/index.php\/wp-json\/wp\/v2\/pages\/322\/revisions\/500"}],"wp:attachment":[{"href":"https:\/\/megaique.net\/index.php\/wp-json\/wp\/v2\/media?parent=322"}],"curies":[{"name":"wp","href":"https:\/\/api.w.org\/{rel}","templated":true}]}}